{"id":330,"date":"2021-05-24T15:58:17","date_gmt":"2021-05-24T13:58:17","guid":{"rendered":"http:\/\/www.hautes-py.fr\/?page_id=330"},"modified":"2021-05-24T15:58:17","modified_gmt":"2021-05-24T13:58:17","slug":"mes-publications","status":"publish","type":"page","link":"https:\/\/www.chtarbes.com\/index.php\/mes-publications\/","title":{"rendered":"Mes publications"},"content":{"rendered":"\n<div class=\"wp-block-carousel-slider-slider\"><div class=\"carousel-slider-outer carousel-slider-outer-post-carousel carousel-slider-outer-329\" style=\"--carousel-slider-nav-color:#f1f1f1;--carousel-slider-active-nav-color:#00d1b2;--carousel-slider-arrow-size:48px;--carousel-slider-bullet-size:10px\">\n<div id=\"&#039;id-329\" class=\"carousel-slider carousel-slider-329 arrows-visibility-hover dots-visibility-never arrows-outside dots-center dots-square owl-carousel\" data-slide-type=\"post-carousel\" data-owl-settings='{\"nav\":true,\"dots\":false,\"slideBy\":1,\"stagePadding\":0,\"margin\":10,\"loop\":true,\"lazyLoad\":false,\"autoplay\":true,\"autoplayTimeout\":5000,\"autoplaySpeed\":500,\"autoplayHoverPause\":false,\"autoWidth\":false,\"responsive\":{\"300\":{\"items\":1},\"576\":{\"items\":2},\"768\":{\"items\":2},\"1024\":{\"items\":3},\"1280\":{\"items\":4},\"1536\":{\"items\":5}}}'>\n<div class=\"carousel-slider__post\">\n\t<div class=\"carousel-slider__post-content\">\n\t\t<div class=\"carousel-slider__post-header\">\n\t\t\t<a class=\"carousel-slider__post-image owl-lazy\" href=\"https:\/\/www.chtarbes.com\/index.php\/2020-05-13-pouquette\/\" data-src=\"https:\/\/www.chtarbes.com\/wp-content\/uploads\/2020\/05\/cropped-DSCN5827-scaled-1-768x461.jpg\"><\/a>\t\t\t<a class=\"carousel-slider__post-title\" href=\"https:\/\/www.chtarbes.com\/index.php\/2020-05-13-pouquette\/\">\n\t\t\t\t<h2>Pouquette dans un univers de couleurs<\/h2>\n\t\t\t<\/a>\n\t\t<\/div>\n\t\t<div class=\"carousel-slider__post-excerpt\">\n\t\t\tUn chat qui en fait voir de toutes les couleurs \u00e0 son petit ma\u00eetre. Jeu de lumi\u00e8res et jeu de ...\t\t<\/div>\n\t\t<footer class=\"carousel-slider__post-meta\">\n\t\t\t<div class=\"carousel-slider__post-publication-meta\">\n\t\t\t\t<div class=\"carousel-slider__post-details-info\">\n\t\t\t\t\t<div class=\"carousel-slider__post-author\">\n\t\t\t\t\t\t<a class=\"carousel-slider__post-author-link\"\n\t\t\t\t\t\t   href=\"https:\/\/www.chtarbes.com\/index.php\/author\/adam\/\">\n\t\t\t\t\t\t\tAdam Boularand\t\t\t\t\t\t<\/a>\n\t\t\t\t\t<\/div>\n\t\t\t\t\t<time class=\"carousel-slider__post-publication-date\"\n\t\t\t\t\t\t  datetime=\"2021-05-24T16:03:32+02:00\">\n\t\t\t\t\t\t24 mai 2021\t\t\t\t\t<\/time>\n\t\t\t\t<\/div>\n\t\t\t<\/div>\n\t\t\t\t\t\t\t<div class=\"carousel-slider__post-category\">\n\t\t\t\t\t<a class=\"carousel-slider__post-category-link\"\n\t\t\t\t\t   href=\"https:\/\/www.chtarbes.com\/index.php\/category\/non-classe\/\">\n\t\t\t\t\t\tNon class\u00e9\t\t\t\t\t<\/a>\n\t\t\t\t<\/div>\n\t\t\t\t\t<\/footer>\n\t<\/div>\n<\/div>\n<div class=\"carousel-slider__post\">\n\t<div class=\"carousel-slider__post-content\">\n\t\t<div class=\"carousel-slider__post-header\">\n\t\t\t<a class=\"carousel-slider__post-image owl-lazy\" href=\"https:\/\/www.chtarbes.com\/index.php\/2020-05-15-interieurs\/\" data-src=\"https:\/\/www.chtarbes.com\/wp-content\/uploads\/2020\/05\/DSCN6090-768x576.jpg\"><\/a>\t\t\t<a class=\"carousel-slider__post-title\" href=\"https:\/\/www.chtarbes.com\/index.php\/2020-05-15-interieurs\/\">\n\t\t\t\t<h2>Int\u00e9rieurs<\/h2>\n\t\t\t<\/a>\n\t\t<\/div>\n\t\t<div class=\"carousel-slider__post-excerpt\">\n\t\t\tL\u2019int\u00e9rieur peupl\u00e9 d&rsquo;objets fig\u00e9s par l&rsquo;objectif de mon appareil photo.\t\t<\/div>\n\t\t<footer class=\"carousel-slider__post-meta\">\n\t\t\t<div class=\"carousel-slider__post-publication-meta\">\n\t\t\t\t<div class=\"carousel-slider__post-details-info\">\n\t\t\t\t\t<div class=\"carousel-slider__post-author\">\n\t\t\t\t\t\t<a class=\"carousel-slider__post-author-link\"\n\t\t\t\t\t\t   href=\"https:\/\/www.chtarbes.com\/index.php\/author\/adam\/\">\n\t\t\t\t\t\t\tAdam Boularand\t\t\t\t\t\t<\/a>\n\t\t\t\t\t<\/div>\n\t\t\t\t\t<time class=\"carousel-slider__post-publication-date\"\n\t\t\t\t\t\t  datetime=\"2021-05-24T16:02:58+02:00\">\n\t\t\t\t\t\t24 mai 2021\t\t\t\t\t<\/time>\n\t\t\t\t<\/div>\n\t\t\t<\/div>\n\t\t\t\t\t\t\t<div class=\"carousel-slider__post-category\">\n\t\t\t\t\t<a class=\"carousel-slider__post-category-link\"\n\t\t\t\t\t   href=\"https:\/\/www.chtarbes.com\/index.php\/category\/non-classe\/\">\n\t\t\t\t\t\tNon class\u00e9\t\t\t\t\t<\/a>\n\t\t\t\t<\/div>\n\t\t\t\t\t<\/footer>\n\t<\/div>\n<\/div>\n<div class=\"carousel-slider__post\">\n\t<div class=\"carousel-slider__post-content\">\n\t\t<div class=\"carousel-slider__post-header\">\n\t\t\t<a class=\"carousel-slider__post-image owl-lazy\" href=\"https:\/\/www.chtarbes.com\/index.php\/2020-08-25-cours-deau-de-gavarnie\/\" data-src=\"https:\/\/www.chtarbes.com\/wp-content\/uploads\/2020\/08\/2020-05-17-031-1-768x576.jpg\"><\/a>\t\t\t<a class=\"carousel-slider__post-title\" href=\"https:\/\/www.chtarbes.com\/index.php\/2020-08-25-cours-deau-de-gavarnie\/\">\n\t\t\t\t<h2>Cours d&rsquo;eau de Gavarnie<\/h2>\n\t\t\t<\/a>\n\t\t<\/div>\n\t\t<div class=\"carousel-slider__post-excerpt\">\n\t\t\tTourbillon de couleur \u00e0 Gavarnie.\t\t<\/div>\n\t\t<footer class=\"carousel-slider__post-meta\">\n\t\t\t<div class=\"carousel-slider__post-publication-meta\">\n\t\t\t\t<div class=\"carousel-slider__post-details-info\">\n\t\t\t\t\t<div class=\"carousel-slider__post-author\">\n\t\t\t\t\t\t<a class=\"carousel-slider__post-author-link\"\n\t\t\t\t\t\t   href=\"https:\/\/www.chtarbes.com\/index.php\/author\/adam\/\">\n\t\t\t\t\t\t\tAdam Boularand\t\t\t\t\t\t<\/a>\n\t\t\t\t\t<\/div>\n\t\t\t\t\t<time class=\"carousel-slider__post-publication-date\"\n\t\t\t\t\t\t  datetime=\"2021-05-24T16:02:20+02:00\">\n\t\t\t\t\t\t24 mai 2021\t\t\t\t\t<\/time>\n\t\t\t\t<\/div>\n\t\t\t<\/div>\n\t\t\t\t\t\t\t<div class=\"carousel-slider__post-category\">\n\t\t\t\t\t<a class=\"carousel-slider__post-category-link\"\n\t\t\t\t\t   href=\"https:\/\/www.chtarbes.com\/index.php\/category\/non-classe\/\">\n\t\t\t\t\t\tNon class\u00e9\t\t\t\t\t<\/a>\n\t\t\t\t<\/div>\n\t\t\t\t\t<\/footer>\n\t<\/div>\n<\/div>\n<div class=\"carousel-slider__post\">\n\t<div class=\"carousel-slider__post-content\">\n\t\t<div class=\"carousel-slider__post-header\">\n\t\t\t<a class=\"carousel-slider__post-image owl-lazy\" href=\"https:\/\/www.chtarbes.com\/index.php\/2021-03-21-plantes-de-gavarnie\/\" data-src=\"https:\/\/www.chtarbes.com\/wp-content\/uploads\/slider2\/2020-05-17004-768x576.jpeg\"><\/a>\t\t\t<a class=\"carousel-slider__post-title\" href=\"https:\/\/www.chtarbes.com\/index.php\/2021-03-21-plantes-de-gavarnie\/\">\n\t\t\t\t<h2>Plantes de Gavarnie<\/h2>\n\t\t\t<\/a>\n\t\t<\/div>\n\t\t<div class=\"carousel-slider__post-excerpt\">\n\t\t\tOn n&rsquo;a pas totalement cass\u00e9 la plan\u00e8te, il y a encore des belles plantes \u00e0 voir et \u00e0 d\u00e9couvrir. Regard ...\t\t<\/div>\n\t\t<footer class=\"carousel-slider__post-meta\">\n\t\t\t<div class=\"carousel-slider__post-publication-meta\">\n\t\t\t\t<div class=\"carousel-slider__post-details-info\">\n\t\t\t\t\t<div class=\"carousel-slider__post-author\">\n\t\t\t\t\t\t<a class=\"carousel-slider__post-author-link\"\n\t\t\t\t\t\t   href=\"https:\/\/www.chtarbes.com\/index.php\/author\/admin1494\/\">\n\t\t\t\t\t\t\tadmin1494\t\t\t\t\t\t<\/a>\n\t\t\t\t\t<\/div>\n\t\t\t\t\t<time class=\"carousel-slider__post-publication-date\"\n\t\t\t\t\t\t  datetime=\"2021-05-24T16:01:50+02:00\">\n\t\t\t\t\t\t24 mai 2021\t\t\t\t\t<\/time>\n\t\t\t\t<\/div>\n\t\t\t<\/div>\n\t\t\t\t\t\t\t<div class=\"carousel-slider__post-category\">\n\t\t\t\t\t<a class=\"carousel-slider__post-category-link\"\n\t\t\t\t\t   href=\"https:\/\/www.chtarbes.com\/index.php\/category\/non-classe\/\">\n\t\t\t\t\t\tNon class\u00e9\t\t\t\t\t<\/a>\n\t\t\t\t<\/div>\n\t\t\t\t\t<\/footer>\n\t<\/div>\n<\/div>\n<div class=\"carousel-slider__post\">\n\t<div class=\"carousel-slider__post-content\">\n\t\t<div class=\"carousel-slider__post-header\">\n\t\t\t<a class=\"carousel-slider__post-image owl-lazy\" href=\"https:\/\/www.chtarbes.com\/index.php\/2021-05-24-regards-de-pouquette\/\" data-src=\"https:\/\/www.chtarbes.com\/wp-content\/uploads\/2021\/05\/2021-03-21-005-3-768x512.jpg\"><\/a>\t\t\t<a class=\"carousel-slider__post-title\" href=\"https:\/\/www.chtarbes.com\/index.php\/2021-05-24-regards-de-pouquette\/\">\n\t\t\t\t<h2>Regards de Pouquette<\/h2>\n\t\t\t<\/a>\n\t\t<\/div>\n\t\t<div class=\"carousel-slider__post-excerpt\">\n\t\t\tNotre chat au regard tendre, au regard de pr\u00e9dateur\t\t<\/div>\n\t\t<footer class=\"carousel-slider__post-meta\">\n\t\t\t<div class=\"carousel-slider__post-publication-meta\">\n\t\t\t\t<div class=\"carousel-slider__post-details-info\">\n\t\t\t\t\t<div class=\"carousel-slider__post-author\">\n\t\t\t\t\t\t<a class=\"carousel-slider__post-author-link\"\n\t\t\t\t\t\t   href=\"https:\/\/www.chtarbes.com\/index.php\/author\/admin1494\/\">\n\t\t\t\t\t\t\tadmin1494\t\t\t\t\t\t<\/a>\n\t\t\t\t\t<\/div>\n\t\t\t\t\t<time class=\"carousel-slider__post-publication-date\"\n\t\t\t\t\t\t  datetime=\"2021-05-24T16:00:52+02:00\">\n\t\t\t\t\t\t24 mai 2021\t\t\t\t\t<\/time>\n\t\t\t\t<\/div>\n\t\t\t<\/div>\n\t\t\t\t\t\t\t<div class=\"carousel-slider__post-category\">\n\t\t\t\t\t<a class=\"carousel-slider__post-category-link\"\n\t\t\t\t\t   href=\"https:\/\/www.chtarbes.com\/index.php\/category\/non-classe\/\">\n\t\t\t\t\t\tNon class\u00e9\t\t\t\t\t<\/a>\n\t\t\t\t<\/div>\n\t\t\t\t\t<\/footer>\n\t<\/div>\n<\/div>\n<\/div><!-- .carousel-slider-329 -->\n<\/div><!-- .carousel-slider-outer-329 -->\n<\/div>\n","protected":false},"excerpt":{"rendered":"","protected":false},"author":1,"featured_media":0,"parent":0,"menu_order":0,"comment_status":"closed","ping_status":"closed","template":"","meta":{"footnotes":""},"class_list":["post-330","page","type-page","status-publish","hentry"],"_links":{"self":[{"href":"https:\/\/www.chtarbes.com\/index.php\/wp-json\/wp\/v2\/pages\/330","targetHints":{"allow":["GET"]}}],"collection":[{"href":"https:\/\/www.chtarbes.com\/index.php\/wp-json\/wp\/v2\/pages"}],"about":[{"href":"https:\/\/www.chtarbes.com\/index.php\/wp-json\/wp\/v2\/types\/page"}],"author":[{"embeddable":true,"href":"https:\/\/www.chtarbes.com\/index.php\/wp-json\/wp\/v2\/users\/1"}],"replies":[{"embeddable":true,"href":"https:\/\/www.chtarbes.com\/index.php\/wp-json\/wp\/v2\/comments?post=330"}],"version-history":[{"count":1,"href":"https:\/\/www.chtarbes.com\/index.php\/wp-json\/wp\/v2\/pages\/330\/revisions"}],"predecessor-version":[{"id":332,"href":"https:\/\/www.chtarbes.com\/index.php\/wp-json\/wp\/v2\/pages\/330\/revisions\/332"}],"wp:attachment":[{"href":"https:\/\/www.chtarbes.com\/index.php\/wp-json\/wp\/v2\/media?parent=330"}],"curies":[{"name":"wp","href":"https:\/\/api.w.org\/{rel}","templated":true}]}}